{"id":438,"date":"2019-12-05T11:20:21","date_gmt":"2019-12-05T10:20:21","guid":{"rendered":"https:\/\/ag-personal.ch\/dauerstellen\/"},"modified":"2020-04-29T14:34:03","modified_gmt":"2020-04-29T12:34:03","slug":"fixe","status":"publish","type":"page","link":"https:\/\/ag-personal.ch\/fr\/service\/fixe\/","title":{"rendered":"Fixe"},"content":{"rendered":"<section class=\"l-section wpb_row height_auto width_full with_shape\"><div class=\"l-section-shape type_triangle-2 pos_bottom on_front\" style=\"height:5vh;\"><svg xmlns=\"http:\/\/www.w3.org\/2000\/svg\" viewBox=\"0 0 64 8\" preserveAspectRatio=\"none\" width=\"100%\" height=\"100%\">\r\n\t<path fill=\"currentColor\" d=\"M64 8 L0 8 L0 0 L48 7.9 L64 0 Z\"\/>\r\n<\/svg><\/div><div class=\"l-section-h i-cf\"><div class=\"g-cols vc_row via_flex valign_top type_default stacking_default\"><div class=\"vc_col-sm-12 wpb_column vc_column_container\"><div class=\"vc_column-inner\"><div class=\"wpb_wrapper\"><div class=\"ult-spacer spacer-69e06be572556\" data-id=\"69e06be572556\" data-height=\"500\" data-height-mobile=\"150\" data-height-tab=\"300\" data-height-tab-portrait=\"300\" data-height-mobile-landscape=\"200\" style=\"clear:both;display:block;\"><\/div><\/div><\/div><\/div><\/div><\/div><\/section><!-- Row Backgrounds --><div class=\"upb_bg_img\" data-ultimate-bg=\"url(https:\/\/ag-personal.ch\/wp-content\/uploads\/2019\/12\/ag-personal-stellen-header.jpg)\" data-image-id=\"id^275|url^https:\/\/ag-personal.ch\/wp-content\/uploads\/2019\/12\/ag-personal-stellen-header.jpg|caption^null|alt^null|title^ag-personal-stellen-header|description^null\" data-ultimate-bg-style=\"vcpb-default\" data-bg-img-repeat=\"no-repeat\" data-bg-img-size=\"cover\" data-bg-img-position=\"\" data-parallx_sense=\"30\" data-bg-override=\"0\" data-bg_img_attach=\"scroll\" data-upb-overlay-color=\"\" data-upb-bg-animation=\"\" data-fadeout=\"\" data-bg-animation=\"left-animation\" data-bg-animation-type=\"h\" data-animation-repeat=\"repeat\" data-fadeout-percentage=\"30\" data-parallax-content=\"\" data-parallax-content-sense=\"30\" data-row-effect-mobile-disable=\"true\" data-img-parallax-mobile-disable=\"true\" data-rtl=\"false\"  data-custom-vc-row=\"\"  data-vc=\"6.13.0\"  data-is_old_vc=\"\"  data-theme-support=\"\"   data-overlay=\"false\" data-overlay-color=\"\" data-overlay-pattern=\"\" data-overlay-pattern-opacity=\"\" data-overlay-pattern-size=\"\"    ><\/div><section class=\"l-section wpb_row height_medium\"><div class=\"l-section-h i-cf\"><div class=\"g-cols vc_row via_flex valign_top type_default stacking_default\"><div class=\"vc_col-sm-12 wpb_column vc_column_container\"><div class=\"vc_column-inner\"><div class=\"wpb_wrapper\"><div class=\"wpb_text_column\"><div class=\"wpb_wrapper\"><h1>Fixe | A la bonne place<\/h1>\n<p>Toute entreprise souhaite s\u2019appuyer sur un personnel lui permettant d\u2019atteindre ses objectifs. En amont d\u2019un recrutement, nous \u00e9tablissons ainsi avec nos clients l\u2019exact profil du collaborateur recherch\u00e9 et d\u00e9finissons un processus de s\u00e9lection personnalis\u00e9. Apr\u00e8s une stricte v\u00e9rification des r\u00e9f\u00e9rences fournies par les candidats, nous effectuons des premi\u00e8res auditions afin de r\u00e9pondre au plus pr\u00e8s des exigences de nos clients.<br \/>\nCe proc\u00e9d\u00e9 garantit une efficacit\u00e9 accrue dans la recherche de personnel. Nos honoraires font l\u2019objet d\u2019une facturation uniquement si notre client engage un candidat issu de nos recherches.<\/p>\n<\/div><\/div><\/div><\/div><\/div><\/div><\/div><\/section><section class=\"l-section wpb_row height_auto width_full\"><div class=\"l-section-h i-cf\"><div class=\"g-cols vc_row via_flex valign_top type_default stacking_default\"><div class=\"vc_col-sm-12 wpb_column vc_column_container\"><div class=\"vc_column-inner\"><div class=\"wpb_wrapper\"><section class=\"l-section wpb_row height_auto width_full with_shape\"><div class=\"l-section-shape type_triangle-2 pos_top on_front hor_flip\" style=\"height:5vh;\"><svg xmlns=\"http:\/\/www.w3.org\/2000\/svg\" viewBox=\"0 0 64 8\" preserveAspectRatio=\"none\" width=\"100%\" height=\"100%\">\r\n\t<path fill=\"currentColor\" d=\"M64 8 L0 8 L0 0 L48 7.9 L64 0 Z\"\/>\r\n<\/svg><\/div><div class=\"l-section-h i-cf\"><div class=\"g-cols vc_row via_flex valign_top type_boxes stacking_default\"><div class=\"vc_col-sm-4 wpb_column vc_column_container has_text_color\"><div class=\"vc_column-inner us_custom_6df4bc3a\"><div class=\"wpb_wrapper\"><div class=\"ult-spacer spacer-69e06be57547d\" data-id=\"69e06be57547d\" data-height=\"50\" data-height-mobile=\"50\" data-height-tab=\"50\" data-height-tab-portrait=\"\" data-height-mobile-landscape=\"\" style=\"clear:both;display:block;\"><\/div><div class=\"w-image align_none\"><a href=\"\/stellen\/bau-handwerkliche-berufe\/\" aria-label=\"Lien\" class=\"w-image-h\"><img loading=\"lazy\" decoding=\"async\" width=\"2560\" height=\"1707\" src=\"https:\/\/ag-personal.ch\/wp-content\/uploads\/2020\/11\/AdobeStock_205922758-scaled.jpeg\" class=\"attachment-full size-full\" alt=\"\" srcset=\"https:\/\/ag-personal.ch\/wp-content\/uploads\/2020\/11\/AdobeStock_205922758-scaled.jpeg 2560w, https:\/\/ag-personal.ch\/wp-content\/uploads\/2020\/11\/AdobeStock_205922758-300x200.jpeg 300w, https:\/\/ag-personal.ch\/wp-content\/uploads\/2020\/11\/AdobeStock_205922758-1024x683.jpeg 1024w\" sizes=\"auto, (max-width: 2560px) 100vw, 2560px\" \/><\/a><\/div><div class=\"ult-spacer spacer-69e06be576486\" data-id=\"69e06be576486\" data-height=\"30\" data-height-mobile=\"30\" data-height-tab=\"30\" data-height-tab-portrait=\"\" data-height-mobile-landscape=\"\" style=\"clear:both;display:block;\"><\/div><div class=\"wpb_text_column\"><div class=\"wpb_wrapper\"><h2>Construction<\/h2>\n<p>Offres d&#8217;emploi actuelles dans le secteur de la construction<\/p>\n<\/div><\/div><div class=\"w-btn-wrapper align_none\"><a class=\"w-btn us-btn-style_1 us_custom_ef311f16 icon_atright\" title=\"Construction\" href=\"https:\/\/ag-personal.ch\/fr\/offres-demploi\/construction\/\"><span class=\"w-btn-label\">Vers les offres<\/span><i class=\"fas fa-chevron-right\"><\/i><\/a><\/div><\/div><\/div><\/div><div class=\"vc_col-sm-4 wpb_column vc_column_container has_text_color\"><div class=\"vc_column-inner us_custom_6df4bc3a\"><div class=\"wpb_wrapper\"><div class=\"ult-spacer spacer-69e06be5768e4\" data-id=\"69e06be5768e4\" data-height=\"50\" data-height-mobile=\"50\" data-height-tab=\"50\" data-height-tab-portrait=\"\" data-height-mobile-landscape=\"\" style=\"clear:both;display:block;\"><\/div><div class=\"w-image align_none\"><a href=\"\/stellen\/industrie-technische-berufe\/\" aria-label=\"Lien\" class=\"w-image-h\"><img loading=\"lazy\" decoding=\"async\" width=\"2560\" height=\"1707\" src=\"https:\/\/ag-personal.ch\/wp-content\/uploads\/2020\/11\/AdobeStock_368845027-scaled.jpeg\" class=\"attachment-full size-full\" alt=\"\" srcset=\"https:\/\/ag-personal.ch\/wp-content\/uploads\/2020\/11\/AdobeStock_368845027-scaled.jpeg 2560w, https:\/\/ag-personal.ch\/wp-content\/uploads\/2020\/11\/AdobeStock_368845027-300x200.jpeg 300w, https:\/\/ag-personal.ch\/wp-content\/uploads\/2020\/11\/AdobeStock_368845027-1024x683.jpeg 1024w\" sizes=\"auto, (max-width: 2560px) 100vw, 2560px\" \/><\/a><\/div><div class=\"ult-spacer spacer-69e06be5775d6\" data-id=\"69e06be5775d6\" data-height=\"30\" data-height-mobile=\"30\" data-height-tab=\"30\" data-height-tab-portrait=\"\" data-height-mobile-landscape=\"\" style=\"clear:both;display:block;\"><\/div><div class=\"wpb_text_column\"><div class=\"wpb_wrapper\"><h2>M\u00e9tiers de l&rsquo;industrie<\/h2>\n<p>Offres d&#8217;emploi actuelles pour tous les sp\u00e9cialistes et employ\u00e9s industriels<\/p>\n<\/div><\/div><div class=\"w-btn-wrapper align_none\"><a class=\"w-btn us-btn-style_1 us_custom_ef311f16 icon_atright\" title=\"M\u00e9tiers de l&#039;industrie\" href=\"https:\/\/ag-personal.ch\/fr\/offres-demploi\/metiers-de-lindustrie\/\"><span class=\"w-btn-label\">Vers les offres<\/span><i class=\"fas fa-chevron-right\"><\/i><\/a><\/div><\/div><\/div><\/div><div class=\"vc_col-sm-4 wpb_column vc_column_container has_text_color\"><div class=\"vc_column-inner us_custom_6df4bc3a\"><div class=\"wpb_wrapper\"><div class=\"ult-spacer spacer-69e06be577ab5\" data-id=\"69e06be577ab5\" data-height=\"50\" data-height-mobile=\"50\" data-height-tab=\"50\" data-height-tab-portrait=\"\" data-height-mobile-landscape=\"\" style=\"clear:both;display:block;\"><\/div><div class=\"w-image align_none\"><a href=\"\/stellen\/kaufm-berufe-kaderstellen\/\" aria-label=\"Lien\" class=\"w-image-h\"><img loading=\"lazy\" decoding=\"async\" width=\"2560\" height=\"1704\" src=\"https:\/\/ag-personal.ch\/wp-content\/uploads\/2020\/11\/AdobeStock_64989845-scaled.jpeg\" class=\"attachment-full size-full\" alt=\"\" srcset=\"https:\/\/ag-personal.ch\/wp-content\/uploads\/2020\/11\/AdobeStock_64989845-scaled.jpeg 2560w, https:\/\/ag-personal.ch\/wp-content\/uploads\/2020\/11\/AdobeStock_64989845-300x200.jpeg 300w, https:\/\/ag-personal.ch\/wp-content\/uploads\/2020\/11\/AdobeStock_64989845-1024x681.jpeg 1024w\" sizes=\"auto, (max-width: 2560px) 100vw, 2560px\" \/><\/a><\/div><div class=\"ult-spacer spacer-69e06be578971\" data-id=\"69e06be578971\" data-height=\"30\" data-height-mobile=\"30\" data-height-tab=\"30\" data-height-tab-portrait=\"\" data-height-mobile-landscape=\"\" style=\"clear:both;display:block;\"><\/div><div class=\"wpb_text_column\"><div class=\"wpb_wrapper\"><h2>Commercial et Cadres<\/h2>\n<p>Offres d&#8217;emploi actuelles pour les commerciaux et les talents<\/p>\n<\/div><\/div><div class=\"w-btn-wrapper align_none\"><a class=\"w-btn us-btn-style_1 us_custom_ef311f16 icon_atright\" title=\"Commercial et Cadres\" href=\"https:\/\/ag-personal.ch\/fr\/offres-demploi\/commercial-et-cadres\/\"><span class=\"w-btn-label\">Vers les offres<\/span><i class=\"fas fa-chevron-right\"><\/i><\/a><\/div><\/div><\/div><\/div><\/div><\/div><\/section><!-- Row Backgrounds --><div class=\"upb_color\" data-bg-override=\"0\" data-bg-color=\"#1d1d1b\" data-fadeout=\"\" data-fadeout-percentage=\"30\" data-parallax-content=\"\" data-parallax-content-sense=\"30\" data-row-effect-mobile-disable=\"true\" data-img-parallax-mobile-disable=\"true\" data-rtl=\"false\"  data-custom-vc-row=\"\"  data-vc=\"6.13.0\"  data-is_old_vc=\"\"  data-theme-support=\"\"   data-overlay=\"false\" data-overlay-color=\"\" data-overlay-pattern=\"\" data-overlay-pattern-opacity=\"\" data-overlay-pattern-size=\"\"    ><\/div>\n<\/div><\/div><\/div><\/div><\/div><\/section>\n","protected":false},"excerpt":{"rendered":"Fixe | A la bonne place Toute entreprise souhaite s\u2019appuyer sur un personnel lui permettant d\u2019atteindre ses objectifs. En amont d\u2019un recrutement, nous \u00e9tablissons ainsi avec nos clients l\u2019exact profil du collaborateur recherch\u00e9 et d\u00e9finissons un processus de s\u00e9lection personnalis\u00e9. Apr\u00e8s une stricte v\u00e9rification des r\u00e9f\u00e9rences fournies par les candidats, nous effectuons des premi\u00e8res auditions...","protected":false},"author":1,"featured_media":0,"parent":439,"menu_order":0,"comment_status":"closed","ping_status":"closed","template":"","meta":{"content-type":"","footnotes":""},"class_list":["post-438","page","type-page","status-publish","hentry"],"yoast_head":"<!-- This site is optimized with the Yoast SEO plugin v25.0 - https:\/\/yoast.com\/wordpress\/plugins\/seo\/ -->\n<title>Fixe | a+G Personal AG<\/title>\n<meta name=\"robots\" content=\"index, follow, max-snippet:-1, max-image-preview:large, max-video-preview:-1\" \/>\n<link rel=\"canonical\" href=\"https:\/\/ag-personal.ch\/fr\/service\/fixe\/\" \/>\n<meta property=\"og:locale\" content=\"fr_FR\" \/>\n<meta property=\"og:type\" content=\"article\" \/>\n<meta property=\"og:title\" content=\"Fixe | a+G Personal AG\" \/>\n<meta property=\"og:url\" content=\"https:\/\/ag-personal.ch\/fr\/service\/fixe\/\" \/>\n<meta property=\"og:site_name\" content=\"a+G Personal AG\" \/>\n<meta property=\"article:publisher\" content=\"https:\/\/www.facebook.com\/aGPersonal\/\" \/>\n<meta property=\"article:modified_time\" content=\"2020-04-29T12:34:03+00:00\" \/>\n<meta name=\"twitter:card\" content=\"summary_large_image\" \/>\n<meta name=\"twitter:label1\" content=\"Dur\u00e9e de lecture estim\u00e9e\" \/>\n\t<meta name=\"twitter:data1\" content=\"1 minute\" \/>\n<script type=\"application\/ld+json\" class=\"yoast-schema-graph\">{\"@context\":\"https:\/\/schema.org\",\"@graph\":[{\"@type\":\"WebPage\",\"@id\":\"https:\/\/ag-personal.ch\/fr\/service\/fixe\/\",\"url\":\"https:\/\/ag-personal.ch\/fr\/service\/fixe\/\",\"name\":\"Fixe | a+G Personal AG\",\"isPartOf\":{\"@id\":\"https:\/\/ag-personal.ch\/#website\"},\"datePublished\":\"2019-12-05T10:20:21+00:00\",\"dateModified\":\"2020-04-29T12:34:03+00:00\",\"breadcrumb\":{\"@id\":\"https:\/\/ag-personal.ch\/fr\/service\/fixe\/#breadcrumb\"},\"inLanguage\":\"fr-FR\",\"potentialAction\":[{\"@type\":\"ReadAction\",\"target\":[\"https:\/\/ag-personal.ch\/fr\/service\/fixe\/\"]}]},{\"@type\":\"BreadcrumbList\",\"@id\":\"https:\/\/ag-personal.ch\/fr\/service\/fixe\/#breadcrumb\",\"itemListElement\":[{\"@type\":\"ListItem\",\"position\":1,\"name\":\"Startseite\",\"item\":\"https:\/\/ag-personal.ch\/fr\/\"},{\"@type\":\"ListItem\",\"position\":2,\"name\":\"Service\",\"item\":\"https:\/\/ag-personal.ch\/fr\/service\/\"},{\"@type\":\"ListItem\",\"position\":3,\"name\":\"Fixe\"}]},{\"@type\":\"WebSite\",\"@id\":\"https:\/\/ag-personal.ch\/#website\",\"url\":\"https:\/\/ag-personal.ch\/\",\"name\":\"a+G Personal AG\",\"description\":\"\",\"publisher\":{\"@id\":\"https:\/\/ag-personal.ch\/#organization\"},\"potentialAction\":[{\"@type\":\"SearchAction\",\"target\":{\"@type\":\"EntryPoint\",\"urlTemplate\":\"https:\/\/ag-personal.ch\/?s={search_term_string}\"},\"query-input\":{\"@type\":\"PropertyValueSpecification\",\"valueRequired\":true,\"valueName\":\"search_term_string\"}}],\"inLanguage\":\"fr-FR\"},{\"@type\":\"Organization\",\"@id\":\"https:\/\/ag-personal.ch\/#organization\",\"name\":\"a+G Personal AG\",\"url\":\"https:\/\/ag-personal.ch\/\",\"logo\":{\"@type\":\"ImageObject\",\"inLanguage\":\"fr-FR\",\"@id\":\"https:\/\/ag-personal.ch\/#\/schema\/logo\/image\/\",\"url\":\"https:\/\/ag-personal.ch\/wp-content\/uploads\/2020\/04\/ag-150x150-1.png\",\"contentUrl\":\"https:\/\/ag-personal.ch\/wp-content\/uploads\/2020\/04\/ag-150x150-1.png\",\"width\":150,\"height\":150,\"caption\":\"a+G Personal AG\"},\"image\":{\"@id\":\"https:\/\/ag-personal.ch\/#\/schema\/logo\/image\/\"},\"sameAs\":[\"https:\/\/www.facebook.com\/aGPersonal\/\",\"https:\/\/www.instagram.com\/agpersonalag\/\",\"https:\/\/www.linkedin.com\/company\/2784130\/\"]}]}<\/script>\n<!-- \/ Yoast SEO plugin. -->","yoast_head_json":{"title":"Fixe | a+G Personal AG","robots":{"index":"index","follow":"follow","max-snippet":"max-snippet:-1","max-image-preview":"max-image-preview:large","max-video-preview":"max-video-preview:-1"},"canonical":"https:\/\/ag-personal.ch\/fr\/service\/fixe\/","og_locale":"fr_FR","og_type":"article","og_title":"Fixe | a+G Personal AG","og_url":"https:\/\/ag-personal.ch\/fr\/service\/fixe\/","og_site_name":"a+G Personal AG","article_publisher":"https:\/\/www.facebook.com\/aGPersonal\/","article_modified_time":"2020-04-29T12:34:03+00:00","twitter_card":"summary_large_image","twitter_misc":{"Dur\u00e9e de lecture estim\u00e9e":"1 minute"},"schema":{"@context":"https:\/\/schema.org","@graph":[{"@type":"WebPage","@id":"https:\/\/ag-personal.ch\/fr\/service\/fixe\/","url":"https:\/\/ag-personal.ch\/fr\/service\/fixe\/","name":"Fixe | a+G Personal AG","isPartOf":{"@id":"https:\/\/ag-personal.ch\/#website"},"datePublished":"2019-12-05T10:20:21+00:00","dateModified":"2020-04-29T12:34:03+00:00","breadcrumb":{"@id":"https:\/\/ag-personal.ch\/fr\/service\/fixe\/#breadcrumb"},"inLanguage":"fr-FR","potentialAction":[{"@type":"ReadAction","target":["https:\/\/ag-personal.ch\/fr\/service\/fixe\/"]}]},{"@type":"BreadcrumbList","@id":"https:\/\/ag-personal.ch\/fr\/service\/fixe\/#breadcrumb","itemListElement":[{"@type":"ListItem","position":1,"name":"Startseite","item":"https:\/\/ag-personal.ch\/fr\/"},{"@type":"ListItem","position":2,"name":"Service","item":"https:\/\/ag-personal.ch\/fr\/service\/"},{"@type":"ListItem","position":3,"name":"Fixe"}]},{"@type":"WebSite","@id":"https:\/\/ag-personal.ch\/#website","url":"https:\/\/ag-personal.ch\/","name":"a+G Personal AG","description":"","publisher":{"@id":"https:\/\/ag-personal.ch\/#organization"},"potentialAction":[{"@type":"SearchAction","target":{"@type":"EntryPoint","urlTemplate":"https:\/\/ag-personal.ch\/?s={search_term_string}"},"query-input":{"@type":"PropertyValueSpecification","valueRequired":true,"valueName":"search_term_string"}}],"inLanguage":"fr-FR"},{"@type":"Organization","@id":"https:\/\/ag-personal.ch\/#organization","name":"a+G Personal AG","url":"https:\/\/ag-personal.ch\/","logo":{"@type":"ImageObject","inLanguage":"fr-FR","@id":"https:\/\/ag-personal.ch\/#\/schema\/logo\/image\/","url":"https:\/\/ag-personal.ch\/wp-content\/uploads\/2020\/04\/ag-150x150-1.png","contentUrl":"https:\/\/ag-personal.ch\/wp-content\/uploads\/2020\/04\/ag-150x150-1.png","width":150,"height":150,"caption":"a+G Personal AG"},"image":{"@id":"https:\/\/ag-personal.ch\/#\/schema\/logo\/image\/"},"sameAs":["https:\/\/www.facebook.com\/aGPersonal\/","https:\/\/www.instagram.com\/agpersonalag\/","https:\/\/www.linkedin.com\/company\/2784130\/"]}]}},"_links":{"self":[{"href":"https:\/\/ag-personal.ch\/fr\/wp-json\/wp\/v2\/pages\/438","targetHints":{"allow":["GET"]}}],"collection":[{"href":"https:\/\/ag-personal.ch\/fr\/wp-json\/wp\/v2\/pages"}],"about":[{"href":"https:\/\/ag-personal.ch\/fr\/wp-json\/wp\/v2\/types\/page"}],"author":[{"embeddable":true,"href":"https:\/\/ag-personal.ch\/fr\/wp-json\/wp\/v2\/users\/1"}],"replies":[{"embeddable":true,"href":"https:\/\/ag-personal.ch\/fr\/wp-json\/wp\/v2\/comments?post=438"}],"version-history":[{"count":3,"href":"https:\/\/ag-personal.ch\/fr\/wp-json\/wp\/v2\/pages\/438\/revisions"}],"predecessor-version":[{"id":831,"href":"https:\/\/ag-personal.ch\/fr\/wp-json\/wp\/v2\/pages\/438\/revisions\/831"}],"up":[{"embeddable":true,"href":"https:\/\/ag-personal.ch\/fr\/wp-json\/wp\/v2\/pages\/439"}],"wp:attachment":[{"href":"https:\/\/ag-personal.ch\/fr\/wp-json\/wp\/v2\/media?parent=438"}],"curies":[{"name":"wp","href":"https:\/\/api.w.org\/{rel}","templated":true}]}}