{"id":419,"date":"2019-11-11T14:03:21","date_gmt":"2019-11-11T13:03:21","guid":{"rendered":"https:\/\/ag-personal.ch\/kontakt\/"},"modified":"2026-01-05T14:30:44","modified_gmt":"2026-01-05T13:30:44","slug":"contact","status":"publish","type":"page","link":"https:\/\/ag-personal.ch\/fr\/contact\/","title":{"rendered":"Contact"},"content":{"rendered":"<section class=\"l-section wpb_row height_auto width_full with_shape\"><div class=\"l-section-shape type_triangle-2 pos_bottom on_front\" style=\"height:5vh;\"><svg xmlns=\"http:\/\/www.w3.org\/2000\/svg\" viewBox=\"0 0 64 8\" preserveAspectRatio=\"none\" width=\"100%\" height=\"100%\">\r\n\t<path fill=\"currentColor\" d=\"M64 8 L0 8 L0 0 L48 7.9 L64 0 Z\"\/>\r\n<\/svg><\/div><div class=\"l-section-h i-cf\"><div class=\"g-cols vc_row via_flex valign_top type_default stacking_default\"><div class=\"vc_col-sm-12 wpb_column vc_column_container\"><div class=\"vc_column-inner\"><div class=\"wpb_wrapper\">[vc_raw_html]JTNDaWZyYW1lJTIwc3JjJTNEJTIyaHR0cHMlM0ElMkYlMkZ3d3cuZ29vZ2xlLmNvbSUyRm1hcHMlMkZlbWJlZCUzRnBiJTNEJTIxMW0xNCUyMTFtOCUyMTFtMyUyMTFkMTA4NTUuOTAwMDI4NTI5MTgyJTIxMmQ3LjI1MTYyMTElMjEzZDQ3LjEzODc1NTclMjEzbTIlMjExaTEwMjQlMjEyaTc2OCUyMTRmMTMuMSUyMTNtMyUyMTFtMiUyMTFzMHg0NzhlMTk0YjllZjFmYjdiJTI1M0EweDhiYTdjMGZiNDRjZDBkNmUlMjEyc2ElMjUyQkclMjUyMFBlcnNvbmFsJTI1MjBBRyUyMTVlMCUyMTNtMiUyMTFzZGUlMjEyc2NoJTIxNHYxNjg2MzAwMzY2MjU2JTIxNW0yJTIxMXNkZSUyMTJzY2glMjIlMjB3aWR0aCUzRCUyMjE5MjAlMjIlMjBoZWlnaHQlM0QlMjI1MDAlMjIlMjBzdHlsZSUzRCUyMmJvcmRlciUzQTAlM0IlMjIlMjBhbGxvd2Z1bGxzY3JlZW4lM0QlMjIlMjIlMjBsb2FkaW5nJTNEJTIybGF6eSUyMiUyMHJlZmVycmVycG9saWN5JTNEJTIybm8tcmVmZXJyZXItd2hlbi1kb3duZ3JhZGUlMjIlM0UlM0MlMkZpZnJhbWUlM0U=[\/vc_raw_html]<\/div><\/div><\/div><\/div><\/div><\/section><section class=\"l-section wpb_row height_medium\"><div class=\"l-section-h i-cf\"><div class=\"g-cols vc_row via_flex valign_top type_default stacking_default\"><div class=\"vc_col-sm-6 wpb_column vc_column_container\"><div class=\"vc_column-inner\"><div class=\"wpb_wrapper\"><div class=\"wpb_text_column\"><div class=\"wpb_wrapper\"><h3>Comment nous trouver<\/h3>\n<p>a+G Personal AG<br \/>\nRue des Diamants 11<br \/>\nPostfach 111<br \/>\nCH-2501 Biel\/Bienne<\/p>\n<p>Tel <a href=\"tel:+41323229411\">+41 32 322 94 11<\/a><br \/>\n<a href=\"mailto:contact@ag-personal.ch\">contact@ag-personal.ch<\/a><\/p>\n<h3>Heures d&rsquo;ouverture<\/h3>\n<p>lundi \u00e0 jeudi<br \/>\n08h00 \u00e0 12h00<br \/>\n13h30 \u00e0 17h30<\/p>\n<p>vendredi<br \/>\n08h00 \u00e0 12h00<br \/>\n13h00 \u00e0 17h00<\/p>\n<\/div><\/div><\/div><\/div><\/div><div class=\"vc_col-sm-6 wpb_column vc_column_container\"><div class=\"vc_column-inner\"><div class=\"wpb_wrapper\"><div class=\"wpb_text_column\"><div class=\"wpb_wrapper\"><h3>Nous sommes impatients de vous entendre.<\/h3>\n<\/div><\/div><form class=\"w-form  layout_ver for_cform us_form_1\" autocomplete=\"off\" action=\"https:\/\/ag-personal.ch\/fr\/wp-json\/wp\/v2\/pages\/419\" method=\"post\"><div class=\"w-form-h\"><div class=\"w-form-row for_text required\">\r\n\t\t<div class=\"w-form-row-field\">\r\n\t\t\t\t\t\t<input aria-label=\"Nom\" type=\"text\" name=\"us_form_1_text_1\" value placeholder=\"Nom *\" data-required=\"true\" aria-required=\"true\"\/>\r\n\t\t\t<\/div>\r\n\t\t<div class=\"w-form-row-state\">Vous devez remplir ce champ<\/div>\r\n<\/div>\r\n<div class=\"w-form-row for_text required\">\r\n\t\t<div class=\"w-form-row-field\">\r\n\t\t\t\t\t\t<input aria-label=\"Pr\u00e9nom\" type=\"text\" name=\"us_form_1_text_2\" value placeholder=\"Pr\u00e9nom *\" data-required=\"true\" aria-required=\"true\"\/>\r\n\t\t\t<\/div>\r\n\t\t<div class=\"w-form-row-state\">Vous devez remplir ce champ<\/div>\r\n<\/div>\r\n<div class=\"w-form-row for_email required\">\r\n\t\t<div class=\"w-form-row-field\">\r\n\t\t\t\t\t\t<input aria-label=\"E-Mail\" type=\"email\" name=\"us_form_1_email_1\" value placeholder=\"E-Mail *\" data-required=\"true\" aria-required=\"true\"\/>\r\n\t\t\t<\/div>\r\n\t\t<div class=\"w-form-row-state\">Veuillez saisir une adresse e-mail valide.<\/div>\r\n<\/div>\r\n<div class=\"w-form-row for_textarea required\">\r\n\t\t<div class=\"w-form-row-field\">\r\n\t\t\t\t\t\t<textarea aria-label=\"Message\" name=\"us_form_1_textarea_1\" placeholder=\"Message *\" data-required=\"true\" aria-required=\"true\"><\/textarea>\r\n\t\t\t<\/div>\r\n\t\t<div class=\"w-form-row-state\">Vous devez remplir ce champ<\/div>\r\n<\/div>\r\n<div class=\"w-form-row for_captcha required\">\r\n\t<div class=\"w-form-row-label\">\r\n\t\t<span> <span>30 - 3 = ?<\/span><\/span>\r\n\t<\/div>\r\n\t<div class=\"w-form-row-field\">\r\n\t\t\t\t<input type=\"hidden\" name=\"us_form_1_captcha_1_hash\" value=\"c0025d76969d210a5147975378880195\" \/>\r\n\t\t\t\t<input aria-label=\"us_form_1_captcha_1\" type=\"text\" name=\"us_form_1_captcha_1\" placeholder data-required=\"true\" aria-required=\"true\"\/>\r\n\t\t\t<\/div>\r\n\t\t<div class=\"w-form-row-state\">Entrer le r\u00e9sultat de l'op\u00e9ration pour continuer<\/div>\r\n<\/div>\r\n<input type=\"hidden\" name=\"action\" value=\"us_ajax_cform\" \/>\r\n<input type=\"hidden\" name=\"post_id\" value=\"0\" \/>\r\n<input type=\"hidden\" name=\"form_index\" value=\"1\" \/>\r\n<div class=\"w-form-row for_submit  align_none\">\r\n\t<button class=\"w-btn  us-btn-style_1\" aria-label=\"Envoyer\" type=\"submit\">\r\n\t\t<span class=\"g-preloader type_1\"><\/span>\r\n\t\t\t\t<span class=\"w-btn-label\">Envoyer<\/span>\r\n\t\t\t<\/button>\r\n\t<\/div>\r\n<\/div><div class=\"w-form-message\"><\/div><div class=\"w-form-json hidden\" onclick='return {&quot;ajaxurl&quot;:&quot;https:\\\/\\\/ag-personal.ch\\\/wp-admin\\\/admin-ajax.php&quot;,&quot;messages&quot;:{&quot;err_empty&quot;:&quot;Vous devez remplir ce champ&quot;,&quot;err_size&quot;:&quot;La taille du fichier ne peut pas d\\u00e9passer %s Mo&quot;,&quot;err_extension&quot;:&quot;Le type de fichier %s n&#039;est pas autoris\\u00e9&quot;}}'><\/div><\/form><\/div><\/div><\/div><\/div><\/div><\/section>\n","protected":false},"excerpt":{"rendered":"[vc_raw_html]JTNDaWZyYW1lJTIwc3JjJTNEJTIyaHR0cHMlM0ElMkYlMkZ3d3cuZ29vZ2xlLmNvbSUyRm1hcHMlMkZlbWJlZCUzRnBiJTNEJTIxMW0xNCUyMTFtOCUyMTFtMyUyMTFkMTA4NTUuOTAwMDI4NTI5MTgyJTIxMmQ3LjI1MTYyMTElMjEzZDQ3LjEzODc1NTclMjEzbTIlMjExaTEwMjQlMjEyaTc2OCUyMTRmMTMuMSUyMTNtMyUyMTFtMiUyMTFzMHg0NzhlMTk0YjllZjFmYjdiJTI1M0EweDhiYTdjMGZiNDRjZDBkNmUlMjEyc2ElMjUyQkclMjUyMFBlcnNvbmFsJTI1MjBBRyUyMTVlMCUyMTNtMiUyMTFzZGUlMjEyc2NoJTIxNHYxNjg2MzAwMzY2MjU2JTIxNW0yJTIxMXNkZSUyMTJzY2glMjIlMjB3aWR0aCUzRCUyMjE5MjAlMjIlMjBoZWlnaHQlM0QlMjI1MDAlMjIlMjBzdHlsZSUzRCUyMmJvcmRlciUzQTAlM0IlMjIlMjBhbGxvd2Z1bGxzY3JlZW4lM0QlMjIlMjIlMjBsb2FkaW5nJTNEJTIybGF6eSUyMiUyMHJlZmVycmVycG9saWN5JTNEJTIybm8tcmVmZXJyZXItd2hlbi1kb3duZ3JhZGUlMjIlM0UlM0MlMkZpZnJhbWUlM0U=[\/vc_raw_html]Comment nous trouver a+G Personal AG Rue des Diamants 11 Postfach 111 CH-2501 Biel\/Bienne Tel +41 32 322 94 11 contact@ag-personal.ch Heures d&rsquo;ouverture lundi \u00e0 jeudi 08h00 \u00e0 12h00 13h30 \u00e0 17h30 vendredi 08h00 \u00e0 12h00 13h00 \u00e0 17h00 Nous sommes impatients de vous entendre. Vous devez remplir ce champ Vous devez remplir ce champ...","protected":false},"author":1,"featured_media":0,"parent":0,"menu_order":0,"comment_status":"closed","ping_status":"closed","template":"","meta":{"content-type":"","footnotes":""},"class_list":["post-419","page","type-page","status-publish","hentry"],"yoast_head":"<!-- This site is optimized with the Yoast SEO plugin v25.0 - https:\/\/yoast.com\/wordpress\/plugins\/seo\/ -->\n<title>Contact | a+G Personal AG<\/title>\n<meta name=\"robots\" content=\"index, follow, max-snippet:-1, max-image-preview:large, max-video-preview:-1\" \/>\n<link rel=\"canonical\" href=\"https:\/\/ag-personal.ch\/fr\/contact\/\" \/>\n<meta property=\"og:locale\" content=\"fr_FR\" \/>\n<meta property=\"og:type\" content=\"article\" \/>\n<meta property=\"og:title\" content=\"Contact | a+G Personal AG\" \/>\n<meta property=\"og:url\" content=\"https:\/\/ag-personal.ch\/fr\/contact\/\" \/>\n<meta property=\"og:site_name\" content=\"a+G Personal AG\" \/>\n<meta property=\"article:publisher\" content=\"https:\/\/www.facebook.com\/aGPersonal\/\" \/>\n<meta property=\"article:modified_time\" content=\"2026-01-05T13:30:44+00:00\" \/>\n<meta name=\"twitter:card\" content=\"summary_large_image\" \/>\n<meta name=\"twitter:label1\" content=\"Dur\u00e9e de lecture estim\u00e9e\" \/>\n\t<meta name=\"twitter:data1\" content=\"1 minute\" \/>\n<script type=\"application\/ld+json\" class=\"yoast-schema-graph\">{\"@context\":\"https:\/\/schema.org\",\"@graph\":[{\"@type\":\"WebPage\",\"@id\":\"https:\/\/ag-personal.ch\/fr\/contact\/\",\"url\":\"https:\/\/ag-personal.ch\/fr\/contact\/\",\"name\":\"Contact | a+G Personal AG\",\"isPartOf\":{\"@id\":\"https:\/\/ag-personal.ch\/#website\"},\"datePublished\":\"2019-11-11T13:03:21+00:00\",\"dateModified\":\"2026-01-05T13:30:44+00:00\",\"breadcrumb\":{\"@id\":\"https:\/\/ag-personal.ch\/fr\/contact\/#breadcrumb\"},\"inLanguage\":\"fr-FR\",\"potentialAction\":[{\"@type\":\"ReadAction\",\"target\":[\"https:\/\/ag-personal.ch\/fr\/contact\/\"]}]},{\"@type\":\"BreadcrumbList\",\"@id\":\"https:\/\/ag-personal.ch\/fr\/contact\/#breadcrumb\",\"itemListElement\":[{\"@type\":\"ListItem\",\"position\":1,\"name\":\"Startseite\",\"item\":\"https:\/\/ag-personal.ch\/fr\/\"},{\"@type\":\"ListItem\",\"position\":2,\"name\":\"Contact\"}]},{\"@type\":\"WebSite\",\"@id\":\"https:\/\/ag-personal.ch\/#website\",\"url\":\"https:\/\/ag-personal.ch\/\",\"name\":\"a+G Personal AG\",\"description\":\"\",\"publisher\":{\"@id\":\"https:\/\/ag-personal.ch\/#organization\"},\"potentialAction\":[{\"@type\":\"SearchAction\",\"target\":{\"@type\":\"EntryPoint\",\"urlTemplate\":\"https:\/\/ag-personal.ch\/?s={search_term_string}\"},\"query-input\":{\"@type\":\"PropertyValueSpecification\",\"valueRequired\":true,\"valueName\":\"search_term_string\"}}],\"inLanguage\":\"fr-FR\"},{\"@type\":\"Organization\",\"@id\":\"https:\/\/ag-personal.ch\/#organization\",\"name\":\"a+G Personal AG\",\"url\":\"https:\/\/ag-personal.ch\/\",\"logo\":{\"@type\":\"ImageObject\",\"inLanguage\":\"fr-FR\",\"@id\":\"https:\/\/ag-personal.ch\/#\/schema\/logo\/image\/\",\"url\":\"https:\/\/ag-personal.ch\/wp-content\/uploads\/2020\/04\/ag-150x150-1.png\",\"contentUrl\":\"https:\/\/ag-personal.ch\/wp-content\/uploads\/2020\/04\/ag-150x150-1.png\",\"width\":150,\"height\":150,\"caption\":\"a+G Personal AG\"},\"image\":{\"@id\":\"https:\/\/ag-personal.ch\/#\/schema\/logo\/image\/\"},\"sameAs\":[\"https:\/\/www.facebook.com\/aGPersonal\/\",\"https:\/\/www.instagram.com\/agpersonalag\/\",\"https:\/\/www.linkedin.com\/company\/2784130\/\"]}]}<\/script>\n<!-- \/ Yoast SEO plugin. -->","yoast_head_json":{"title":"Contact | a+G Personal AG","robots":{"index":"index","follow":"follow","max-snippet":"max-snippet:-1","max-image-preview":"max-image-preview:large","max-video-preview":"max-video-preview:-1"},"canonical":"https:\/\/ag-personal.ch\/fr\/contact\/","og_locale":"fr_FR","og_type":"article","og_title":"Contact | a+G Personal AG","og_url":"https:\/\/ag-personal.ch\/fr\/contact\/","og_site_name":"a+G Personal AG","article_publisher":"https:\/\/www.facebook.com\/aGPersonal\/","article_modified_time":"2026-01-05T13:30:44+00:00","twitter_card":"summary_large_image","twitter_misc":{"Dur\u00e9e de lecture estim\u00e9e":"1 minute"},"schema":{"@context":"https:\/\/schema.org","@graph":[{"@type":"WebPage","@id":"https:\/\/ag-personal.ch\/fr\/contact\/","url":"https:\/\/ag-personal.ch\/fr\/contact\/","name":"Contact | a+G Personal AG","isPartOf":{"@id":"https:\/\/ag-personal.ch\/#website"},"datePublished":"2019-11-11T13:03:21+00:00","dateModified":"2026-01-05T13:30:44+00:00","breadcrumb":{"@id":"https:\/\/ag-personal.ch\/fr\/contact\/#breadcrumb"},"inLanguage":"fr-FR","potentialAction":[{"@type":"ReadAction","target":["https:\/\/ag-personal.ch\/fr\/contact\/"]}]},{"@type":"BreadcrumbList","@id":"https:\/\/ag-personal.ch\/fr\/contact\/#breadcrumb","itemListElement":[{"@type":"ListItem","position":1,"name":"Startseite","item":"https:\/\/ag-personal.ch\/fr\/"},{"@type":"ListItem","position":2,"name":"Contact"}]},{"@type":"WebSite","@id":"https:\/\/ag-personal.ch\/#website","url":"https:\/\/ag-personal.ch\/","name":"a+G Personal AG","description":"","publisher":{"@id":"https:\/\/ag-personal.ch\/#organization"},"potentialAction":[{"@type":"SearchAction","target":{"@type":"EntryPoint","urlTemplate":"https:\/\/ag-personal.ch\/?s={search_term_string}"},"query-input":{"@type":"PropertyValueSpecification","valueRequired":true,"valueName":"search_term_string"}}],"inLanguage":"fr-FR"},{"@type":"Organization","@id":"https:\/\/ag-personal.ch\/#organization","name":"a+G Personal AG","url":"https:\/\/ag-personal.ch\/","logo":{"@type":"ImageObject","inLanguage":"fr-FR","@id":"https:\/\/ag-personal.ch\/#\/schema\/logo\/image\/","url":"https:\/\/ag-personal.ch\/wp-content\/uploads\/2020\/04\/ag-150x150-1.png","contentUrl":"https:\/\/ag-personal.ch\/wp-content\/uploads\/2020\/04\/ag-150x150-1.png","width":150,"height":150,"caption":"a+G Personal AG"},"image":{"@id":"https:\/\/ag-personal.ch\/#\/schema\/logo\/image\/"},"sameAs":["https:\/\/www.facebook.com\/aGPersonal\/","https:\/\/www.instagram.com\/agpersonalag\/","https:\/\/www.linkedin.com\/company\/2784130\/"]}]}},"_links":{"self":[{"href":"https:\/\/ag-personal.ch\/fr\/wp-json\/wp\/v2\/pages\/419","targetHints":{"allow":["GET"]}}],"collection":[{"href":"https:\/\/ag-personal.ch\/fr\/wp-json\/wp\/v2\/pages"}],"about":[{"href":"https:\/\/ag-personal.ch\/fr\/wp-json\/wp\/v2\/types\/page"}],"author":[{"embeddable":true,"href":"https:\/\/ag-personal.ch\/fr\/wp-json\/wp\/v2\/users\/1"}],"replies":[{"embeddable":true,"href":"https:\/\/ag-personal.ch\/fr\/wp-json\/wp\/v2\/comments?post=419"}],"version-history":[{"count":16,"href":"https:\/\/ag-personal.ch\/fr\/wp-json\/wp\/v2\/pages\/419\/revisions"}],"predecessor-version":[{"id":2096,"href":"https:\/\/ag-personal.ch\/fr\/wp-json\/wp\/v2\/pages\/419\/revisions\/2096"}],"wp:attachment":[{"href":"https:\/\/ag-personal.ch\/fr\/wp-json\/wp\/v2\/media?parent=419"}],"curies":[{"name":"wp","href":"https:\/\/api.w.org\/{rel}","templated":true}]}}