{"id":1691,"date":"2024-01-26T15:02:39","date_gmt":"2024-01-26T14:02:39","guid":{"rendered":"https:\/\/ag-personal.ch\/?page_id=1691"},"modified":"2024-01-26T15:02:39","modified_gmt":"2024-01-26T14:02:39","slug":"candidature_spontanee","status":"publish","type":"page","link":"https:\/\/ag-personal.ch\/fr\/candidature_spontanee\/","title":{"rendered":"Candidature spontan\u00e9e"},"content":{"rendered":"<section class=\"l-section wpb_row height_medium color_secondary\"><div class=\"l-section-h i-cf\"><div class=\"g-cols vc_row via_flex valign_top type_default stacking_default\"><div class=\"vc_col-sm-12 wpb_column vc_column_container\"><div class=\"vc_column-inner\"><div class=\"wpb_wrapper\">[vc_custom_heading text=\u00a0\u00bbCandidature spontan\u00e9e\u00a0\u00bb font_container=\u00a0\u00bbtag:h1|text_align:left\u00a0\u00bb]\n<div class=\"wpcf7 no-js\" id=\"wpcf7-f841-o1\" lang=\"de-DE\" dir=\"ltr\" data-wpcf7-id=\"841\">\n<div class=\"screen-reader-response\"><p role=\"status\" aria-live=\"polite\" aria-atomic=\"true\"><\/p> <ul><\/ul><\/div>\n<form action=\"\/fr\/wp-json\/wp\/v2\/pages\/1691#wpcf7-f841-o1\" method=\"post\" class=\"wpcf7-form init\" aria-label=\"Kontaktformular\" novalidate=\"novalidate\" data-status=\"init\">\n<fieldset class=\"hidden-fields-container\"><input type=\"hidden\" name=\"_wpcf7\" value=\"841\" \/><input type=\"hidden\" name=\"_wpcf7_version\" value=\"6.1.3\" \/><input type=\"hidden\" name=\"_wpcf7_locale\" value=\"de_DE\" \/><input type=\"hidden\" name=\"_wpcf7_unit_tag\" value=\"wpcf7-f841-o1\" \/><input type=\"hidden\" name=\"_wpcf7_container_post\" value=\"0\" \/><input type=\"hidden\" name=\"_wpcf7_posted_data_hash\" value=\"\" \/><input type=\"hidden\" name=\"_wpcf7dtx_version\" value=\"5.0.3\" \/>\n<\/fieldset>\n<p><input type=\"hidden\" name=\"vakanz_nr\" class=\"hidden-id\" value=\"null\" \/>\n<\/p>\n<div class=\"anrede\">\n\t<p><span class=\"wpcf7-form-control-wrap\" data-name=\"anrede\"><select class=\"wpcf7-form-control wpcf7-select\" aria-invalid=\"false\" name=\"anrede\"><option value=\"Titre\">Titre<\/option><option value=\"Madame\">Madame<\/option><option value=\"Monsieur\">Monsieur<\/option><\/select><\/span>\n\t<\/p>\n<\/div>\n<div class=\"onehalf\">\n\t<p><span class=\"wpcf7-form-control-wrap\" data-name=\"nachname\"><input size=\"40\" maxlength=\"400\" class=\"wpcf7-form-control wpcf7-text wpcf7-validates-as-required\" aria-required=\"true\" aria-invalid=\"false\" placeholder=\"Nom *\" value=\"\" type=\"text\" name=\"nachname\" \/><\/span>\n\t<\/p>\n<\/div>\n<div class=\"onehalf\">\n\t<p><span class=\"wpcf7-form-control-wrap\" data-name=\"vorname\"><input size=\"40\" maxlength=\"400\" class=\"wpcf7-form-control wpcf7-text wpcf7-validates-as-required\" aria-required=\"true\" aria-invalid=\"false\" placeholder=\"Pr\u00e9nom *\" value=\"\" type=\"text\" name=\"vorname\" \/><\/span>\n\t<\/p>\n<\/div>\n<div class=\"onehalf\">\n\t<p><span class=\"wpcf7-form-control-wrap\" data-name=\"plz\"><input size=\"40\" maxlength=\"400\" class=\"wpcf7-form-control wpcf7-text\" aria-invalid=\"false\" placeholder=\"NPA\" value=\"\" type=\"text\" name=\"plz\" \/><\/span>\n\t<\/p>\n<\/div>\n<div class=\"onehalf\">\n\t<p><span class=\"wpcf7-form-control-wrap\" data-name=\"ort\"><input size=\"40\" maxlength=\"400\" class=\"wpcf7-form-control wpcf7-text\" aria-invalid=\"false\" placeholder=\"Lieu\" value=\"\" type=\"text\" name=\"ort\" \/><\/span>\n\t<\/p>\n<\/div>\n<div class=\"onehalf\">\n\t<p><span class=\"wpcf7-form-control-wrap\" data-name=\"land\"><input size=\"40\" maxlength=\"400\" class=\"wpcf7-form-control wpcf7-text\" aria-invalid=\"false\" placeholder=\"Pays\" value=\"\" type=\"text\" name=\"land\" \/><\/span>\n\t<\/p>\n<\/div>\n<div class=\"onehalf\">\n\t<p><span class=\"wpcf7-form-control-wrap\" data-name=\"tel_mobile\"><input size=\"40\" maxlength=\"400\" class=\"wpcf7-form-control wpcf7-text\" aria-invalid=\"false\" placeholder=\"Mobile\" value=\"\" type=\"text\" name=\"tel_mobile\" \/><\/span>\n\t<\/p>\n<\/div>\n<div class=\"onehalf\">\n\t<p><span class=\"wpcf7-form-control-wrap\" data-name=\"mail\"><input size=\"40\" maxlength=\"400\" class=\"wpcf7-form-control wpcf7-email wpcf7-validates-as-required wpcf7-text wpcf7-validates-as-email\" aria-required=\"true\" aria-invalid=\"false\" placeholder=\"E-Mail *\" value=\"\" type=\"email\" name=\"mail\" \/><\/span>\n\t<\/p>\n<\/div>\n<div class=\"onehalf\">\n\t<p><span class=\"wpcf7-form-control-wrap\" data-name=\"heutiger_beruf_txt\"><input size=\"40\" maxlength=\"400\" class=\"wpcf7-form-control wpcf7-text\" aria-invalid=\"false\" placeholder=\"Profession actuelle\" value=\"\" type=\"text\" name=\"heutiger_beruf_txt\" \/><\/span>\n\t<\/p>\n<\/div>\n<div class=\"bewerbungsunterlagen\">\n\t<p><span class=\"wpcf7-form-control-wrap\" data-name=\"jobfile\"><input size=\"40\" class=\"wpcf7-form-control wpcf7-drag-n-drop-file d-none\" aria-required=\"true\" aria-invalid=\"false\" type=\"file\" multiple=\"multiple\" data-name=\"jobfile\" data-type=\"doc|docx|pdf|zip|jpg|jpeg|png\" data-limit=\"10000000\" data-max=\"4\" data-id=\"841\" data-version=\"free version 1.3.9.1\" accept=\".doc, .docx, .pdf, .zip, .jpg, .jpeg, .png\" \/><\/span>\n\t<\/p>\n<\/div>\n<p><span class=\"wpcf7-form-control-wrap\" data-name=\"agb\"><span class=\"wpcf7-form-control wpcf7-acceptance\"><span class=\"wpcf7-list-item\"><label><input type=\"checkbox\" name=\"agb\" value=\"1\" aria-invalid=\"false\" \/><span class=\"wpcf7-list-item-label\">J'accepte les <a href=\"\/fr\/conditions-dutilisation\/\" target=\"_blank\">conditions g\u00e9n\u00e9rales<\/a><\/span><\/label><\/span><\/span><\/span><br \/>\n<span class=\"wpcf7-form-control-wrap\" data-name=\"data\"><span class=\"wpcf7-form-control wpcf7-acceptance\"><span class=\"wpcf7-list-item\"><label><input type=\"checkbox\" name=\"data\" value=\"1\" aria-invalid=\"false\" \/><span class=\"wpcf7-list-item-label\">J'accepte la <a href=\"\/fr\/protectiondesdonnees\/\" target=\"_blank\">politique de confidentialit\u00e9<\/a><\/span><\/label><\/span><\/span><\/span>\n<\/p>\n<div>\n\t<p><input class=\"wpcf7-form-control wpcf7-submit has-spinner\" type=\"submit\" value=\"Postulez\" \/>\n\t<\/p>\n<\/div><input type='hidden' class='wpcf7-pum' value='{\"closepopup\":false,\"closedelay\":0,\"openpopup\":false,\"openpopup_id\":0}' \/><div class=\"inv-recaptcha-holder\"><\/div><div class=\"wpcf7-response-output\" aria-hidden=\"true\"><\/div>\n<\/form>\n<\/div>\n<\/div><\/div><\/div><\/div><\/div><\/section>\n","protected":false},"excerpt":{"rendered":"[vc_custom_heading text=\"Candidature spontan\u00e9e\" font_container=\"tag:h1|text_align:left\"] TitreMadameMonsieur J'accepte les conditions g\u00e9n\u00e9rales J'accepte la politique de confidentialit\u00e9","protected":false},"author":3,"featured_media":0,"parent":0,"menu_order":0,"comment_status":"closed","ping_status":"closed","template":"","meta":{"content-type":"","footnotes":""},"class_list":["post-1691","page","type-page","status-publish","hentry"],"yoast_head":"<!-- This site is optimized with the Yoast SEO plugin v25.0 - https:\/\/yoast.com\/wordpress\/plugins\/seo\/ -->\n<title>Candidature spontan\u00e9e | a+G Personal AG<\/title>\n<meta name=\"robots\" content=\"index, follow, max-snippet:-1, max-image-preview:large, max-video-preview:-1\" \/>\n<link rel=\"canonical\" href=\"https:\/\/ag-personal.ch\/fr\/candidature_spontanee\/\" \/>\n<meta property=\"og:locale\" content=\"fr_FR\" \/>\n<meta property=\"og:type\" content=\"article\" \/>\n<meta property=\"og:title\" content=\"Candidature spontan\u00e9e | a+G Personal AG\" \/>\n<meta property=\"og:url\" content=\"https:\/\/ag-personal.ch\/fr\/candidature_spontanee\/\" \/>\n<meta property=\"og:site_name\" content=\"a+G Personal AG\" \/>\n<meta property=\"article:publisher\" content=\"https:\/\/www.facebook.com\/aGPersonal\/\" \/>\n<meta name=\"twitter:card\" content=\"summary_large_image\" \/>\n<meta name=\"twitter:label1\" content=\"Dur\u00e9e de lecture estim\u00e9e\" \/>\n\t<meta name=\"twitter:data1\" content=\"1 minute\" \/>\n<script type=\"application\/ld+json\" class=\"yoast-schema-graph\">{\"@context\":\"https:\/\/schema.org\",\"@graph\":[{\"@type\":\"WebPage\",\"@id\":\"https:\/\/ag-personal.ch\/fr\/candidature_spontanee\/\",\"url\":\"https:\/\/ag-personal.ch\/fr\/candidature_spontanee\/\",\"name\":\"Candidature spontan\u00e9e | a+G Personal AG\",\"isPartOf\":{\"@id\":\"https:\/\/ag-personal.ch\/#website\"},\"datePublished\":\"2024-01-26T14:02:39+00:00\",\"breadcrumb\":{\"@id\":\"https:\/\/ag-personal.ch\/fr\/candidature_spontanee\/#breadcrumb\"},\"inLanguage\":\"fr-FR\",\"potentialAction\":[{\"@type\":\"ReadAction\",\"target\":[\"https:\/\/ag-personal.ch\/fr\/candidature_spontanee\/\"]}]},{\"@type\":\"BreadcrumbList\",\"@id\":\"https:\/\/ag-personal.ch\/fr\/candidature_spontanee\/#breadcrumb\",\"itemListElement\":[{\"@type\":\"ListItem\",\"position\":1,\"name\":\"Startseite\",\"item\":\"https:\/\/ag-personal.ch\/fr\/\"},{\"@type\":\"ListItem\",\"position\":2,\"name\":\"Candidature spontan\u00e9e\"}]},{\"@type\":\"WebSite\",\"@id\":\"https:\/\/ag-personal.ch\/#website\",\"url\":\"https:\/\/ag-personal.ch\/\",\"name\":\"a+G Personal AG\",\"description\":\"\",\"publisher\":{\"@id\":\"https:\/\/ag-personal.ch\/#organization\"},\"potentialAction\":[{\"@type\":\"SearchAction\",\"target\":{\"@type\":\"EntryPoint\",\"urlTemplate\":\"https:\/\/ag-personal.ch\/?s={search_term_string}\"},\"query-input\":{\"@type\":\"PropertyValueSpecification\",\"valueRequired\":true,\"valueName\":\"search_term_string\"}}],\"inLanguage\":\"fr-FR\"},{\"@type\":\"Organization\",\"@id\":\"https:\/\/ag-personal.ch\/#organization\",\"name\":\"a+G Personal AG\",\"url\":\"https:\/\/ag-personal.ch\/\",\"logo\":{\"@type\":\"ImageObject\",\"inLanguage\":\"fr-FR\",\"@id\":\"https:\/\/ag-personal.ch\/#\/schema\/logo\/image\/\",\"url\":\"https:\/\/ag-personal.ch\/wp-content\/uploads\/2020\/04\/ag-150x150-1.png\",\"contentUrl\":\"https:\/\/ag-personal.ch\/wp-content\/uploads\/2020\/04\/ag-150x150-1.png\",\"width\":150,\"height\":150,\"caption\":\"a+G Personal AG\"},\"image\":{\"@id\":\"https:\/\/ag-personal.ch\/#\/schema\/logo\/image\/\"},\"sameAs\":[\"https:\/\/www.facebook.com\/aGPersonal\/\",\"https:\/\/www.instagram.com\/agpersonalag\/\",\"https:\/\/www.linkedin.com\/company\/2784130\/\"]}]}<\/script>\n<!-- \/ Yoast SEO plugin. -->","yoast_head_json":{"title":"Candidature spontan\u00e9e | a+G Personal AG","robots":{"index":"index","follow":"follow","max-snippet":"max-snippet:-1","max-image-preview":"max-image-preview:large","max-video-preview":"max-video-preview:-1"},"canonical":"https:\/\/ag-personal.ch\/fr\/candidature_spontanee\/","og_locale":"fr_FR","og_type":"article","og_title":"Candidature spontan\u00e9e | a+G Personal AG","og_url":"https:\/\/ag-personal.ch\/fr\/candidature_spontanee\/","og_site_name":"a+G Personal AG","article_publisher":"https:\/\/www.facebook.com\/aGPersonal\/","twitter_card":"summary_large_image","twitter_misc":{"Dur\u00e9e de lecture estim\u00e9e":"1 minute"},"schema":{"@context":"https:\/\/schema.org","@graph":[{"@type":"WebPage","@id":"https:\/\/ag-personal.ch\/fr\/candidature_spontanee\/","url":"https:\/\/ag-personal.ch\/fr\/candidature_spontanee\/","name":"Candidature spontan\u00e9e | a+G Personal AG","isPartOf":{"@id":"https:\/\/ag-personal.ch\/#website"},"datePublished":"2024-01-26T14:02:39+00:00","breadcrumb":{"@id":"https:\/\/ag-personal.ch\/fr\/candidature_spontanee\/#breadcrumb"},"inLanguage":"fr-FR","potentialAction":[{"@type":"ReadAction","target":["https:\/\/ag-personal.ch\/fr\/candidature_spontanee\/"]}]},{"@type":"BreadcrumbList","@id":"https:\/\/ag-personal.ch\/fr\/candidature_spontanee\/#breadcrumb","itemListElement":[{"@type":"ListItem","position":1,"name":"Startseite","item":"https:\/\/ag-personal.ch\/fr\/"},{"@type":"ListItem","position":2,"name":"Candidature spontan\u00e9e"}]},{"@type":"WebSite","@id":"https:\/\/ag-personal.ch\/#website","url":"https:\/\/ag-personal.ch\/","name":"a+G Personal AG","description":"","publisher":{"@id":"https:\/\/ag-personal.ch\/#organization"},"potentialAction":[{"@type":"SearchAction","target":{"@type":"EntryPoint","urlTemplate":"https:\/\/ag-personal.ch\/?s={search_term_string}"},"query-input":{"@type":"PropertyValueSpecification","valueRequired":true,"valueName":"search_term_string"}}],"inLanguage":"fr-FR"},{"@type":"Organization","@id":"https:\/\/ag-personal.ch\/#organization","name":"a+G Personal AG","url":"https:\/\/ag-personal.ch\/","logo":{"@type":"ImageObject","inLanguage":"fr-FR","@id":"https:\/\/ag-personal.ch\/#\/schema\/logo\/image\/","url":"https:\/\/ag-personal.ch\/wp-content\/uploads\/2020\/04\/ag-150x150-1.png","contentUrl":"https:\/\/ag-personal.ch\/wp-content\/uploads\/2020\/04\/ag-150x150-1.png","width":150,"height":150,"caption":"a+G Personal AG"},"image":{"@id":"https:\/\/ag-personal.ch\/#\/schema\/logo\/image\/"},"sameAs":["https:\/\/www.facebook.com\/aGPersonal\/","https:\/\/www.instagram.com\/agpersonalag\/","https:\/\/www.linkedin.com\/company\/2784130\/"]}]}},"_links":{"self":[{"href":"https:\/\/ag-personal.ch\/fr\/wp-json\/wp\/v2\/pages\/1691","targetHints":{"allow":["GET"]}}],"collection":[{"href":"https:\/\/ag-personal.ch\/fr\/wp-json\/wp\/v2\/pages"}],"about":[{"href":"https:\/\/ag-personal.ch\/fr\/wp-json\/wp\/v2\/types\/page"}],"author":[{"embeddable":true,"href":"https:\/\/ag-personal.ch\/fr\/wp-json\/wp\/v2\/users\/3"}],"replies":[{"embeddable":true,"href":"https:\/\/ag-personal.ch\/fr\/wp-json\/wp\/v2\/comments?post=1691"}],"version-history":[{"count":1,"href":"https:\/\/ag-personal.ch\/fr\/wp-json\/wp\/v2\/pages\/1691\/revisions"}],"predecessor-version":[{"id":1710,"href":"https:\/\/ag-personal.ch\/fr\/wp-json\/wp\/v2\/pages\/1691\/revisions\/1710"}],"wp:attachment":[{"href":"https:\/\/ag-personal.ch\/fr\/wp-json\/wp\/v2\/media?parent=1691"}],"curies":[{"name":"wp","href":"https:\/\/api.w.org\/{rel}","templated":true}]}}